{"id":223,"date":"2019-03-28T20:36:42","date_gmt":"2019-03-28T20:36:42","guid":{"rendered":"https:\/\/laboratoriosaomanuel.com.br\/site\/exames-copy\/"},"modified":"2022-07-18T20:54:14","modified_gmt":"2022-07-18T20:54:14","slug":"unidades","status":"publish","type":"page","link":"https:\/\/laboratoriosaomanuel.com.br\/site\/unidades\/","title":{"rendered":"Hor\u00e1rios e Localiza\u00e7\u00e3o"},"content":{"rendered":"<p>[et_pb_section bb_built=&#8221;1&#8243; fullwidth=&#8221;on&#8221; _builder_version=&#8221;3.0.92&#8243; background_image=&#8221;https:\/\/laboratoriosaomanuel.com.br\/site\/wp-content\/uploads\/2022\/02\/site_slide_bg5.jpg&#8221; custom_padding=&#8221;0px|0px|0px|0px&#8221; global_module=&#8221;582&#8243;][et_pb_fullwidth_post_title global_parent=&#8221;582&#8243; meta=&#8221;off&#8221; featured_image=&#8221;off&#8221; _builder_version=&#8221;3.0.92&#8243; title_font=&#8221;|800|||||||&#8221; title_font_size=&#8221;48px&#8221; title_text_color=&#8221;#ffffff&#8221; text_orientation=&#8221;center&#8221; custom_margin=&#8221;|||&#8221; custom_padding=&#8221;120px||80px|&#8221; title=&#8221;on&#8221; author=&#8221;on&#8221; date=&#8221;on&#8221; categories=&#8221;on&#8221; comments=&#8221;on&#8221; featured_placement=&#8221;below&#8221; text_color=&#8221;dark&#8221; text_background=&#8221;off&#8221;]<\/p>\n<p>&nbsp;<\/p>\n<p>[\/et_pb_fullwidth_post_title][et_pb_fullwidth_image global_parent=&#8221;582&#8243; _builder_version=&#8221;3.0.92&#8243; background_image=&#8221;https:\/\/laboratoriosaomanuel.com.br\/site\/wp-content\/uploads\/2019\/03\/site_slide_bgrodape2.png&#8221; background_position=&#8221;top_center&#8221; custom_padding=&#8221;100px|||&#8221;]<\/p>\n<p>&nbsp;<\/p>\n<p>[\/et_pb_fullwidth_image][\/et_pb_section][et_pb_section bb_built=&#8221;1&#8243; _builder_version=&#8221;3.0.92&#8243; custom_padding=&#8221;0px|0px|0px|0px&#8221;][et_pb_row _builder_version=&#8221;3.0.92&#8243;][et_pb_column type=&#8221;4_4&#8243;][et_pb_text _builder_version=&#8221;3.0.92&#8243; text_font=&#8221;|800|||||||&#8221; text_font_size=&#8221;40px&#8221; text_text_color=&#8221;#0059ad&#8221; text_orientation=&#8221;center&#8221;]<\/p>\n<p>Consulte os hor\u00e1rios de atendimento<\/p>\n<p>[\/et_pb_text][\/et_pb_column][\/et_pb_row][et_pb_row custom_padding=&#8221;27px|0px|13px|0px&#8221; _builder_version=&#8221;3.0.92&#8243;][et_pb_column type=&#8221;1_4&#8243;][et_pb_image src=&#8221;https:\/\/laboratoriosaomanuel.com.br\/site\/wp-content\/uploads\/2019\/03\/fa18fbc911311b5371870c880fa5f75a-location-pin-by-vexels.png&#8221; align=&#8221;center&#8221; _builder_version=&#8221;3.0.92&#8243; max_width=&#8221;200px&#8221; max_width_last_edited=&#8221;off|desktop&#8221; module_alignment=&#8221;center&#8221;]<\/p>\n<p>&nbsp;<\/p>\n<p>[\/et_pb_image][\/et_pb_column][et_pb_column type=&#8221;3_4&#8243;][et_pb_divider _builder_version=&#8221;3.0.92&#8243;]<\/p>\n<p>&nbsp;<\/p>\n<p>[\/et_pb_divider][et_pb_text _builder_version=&#8221;3.0.92&#8243; text_font_size=&#8221;19px&#8221; background_layout=&#8221;light&#8221;]<\/p>\n<p><strong>Unidade Centro:<\/strong><\/p>\n<p><strong>AV. IRM\u00c3S CINTRA, 579 &#8211; CENTRO \u2013 S\u00c3O MANUEL \u2013 SP<br \/>\n<\/strong>O estabelecimento \u00e9 situado em uma \u00e1rea comercial com excelente localiza\u00e7\u00e3o e totalmente adaptado as prioridades da Lei da Acessibilidade para pessoas portadoras de defici\u00eancia ou com mobilidade reduzida.<\/p>\n<p><strong>Hor\u00e1rios para coleta:<\/strong><br \/>\nSegunda a sexta-feira: 06:30 \u00e1s 10:00<br \/>\nS\u00e1bados: 07:00 \u00e1s 09:00<\/p>\n<p><strong>Hor\u00e1rios para atendimento ao p\u00fablico:<\/strong><br \/>\nSegunda a sexta-feira: 06:30 \u00e1s 17:00<br \/>\nS\u00e1bados: 07:00 \u00e1s 11:00<\/p>\n<p>[\/et_pb_text][et_pb_divider _builder_version=&#8221;3.0.92&#8243;]<\/p>\n<p>&nbsp;<\/p>\n<p>[\/et_pb_divider][et_pb_image _builder_version=&#8221;3.0.92&#8243; src=&#8221;https:\/\/laboratoriosaomanuel.com.br\/site\/wp-content\/uploads\/2022\/02\/foto_lab2022.jpeg&#8221; show_in_lightbox=&#8221;off&#8221; url_new_window=&#8221;off&#8221; use_overlay=&#8221;off&#8221; always_center_on_mobile=&#8221;on&#8221; force_fullwidth=&#8221;off&#8221; show_bottom_space=&#8221;on&#8221; \/][\/et_pb_column][\/et_pb_row][\/et_pb_section][et_pb_section bb_built=&#8221;1&#8243; _builder_version=&#8221;3.0.92&#8243; custom_padding=&#8221;50px|0px|1px|0px&#8221;][et_pb_row custom_padding=&#8221;27px|0px|35px|0px&#8221; _builder_version=&#8221;3.0.92&#8243;][et_pb_column type=&#8221;4_4&#8243;][et_pb_text _builder_version=&#8221;3.0.92&#8243; text_font=&#8221;|800|||||||&#8221; text_font_size=&#8221;40px&#8221;]<\/p>\n<p style=\"text-align: center;\">Entre em contato:<\/p>\n<p>[\/et_pb_text][\/et_pb_column][\/et_pb_row][et_pb_row custom_padding=&#8221;27px|0px|60px|0px&#8221; _builder_version=&#8221;3.0.92&#8243;][et_pb_column type=&#8221;4_4&#8243;][et_pb_button button_url=&#8221;https:\/\/laboratoriosaomanuel.com.br\/site\/contato\/&#8221; button_text=&#8221;Contato via formul\u00e1rio&#8221; button_alignment=&#8221;center&#8221; background_layout=&#8221;dark&#8221; _builder_version=&#8221;3.0.92&#8243; custom_button=&#8221;on&#8221; button_bg_color=&#8221;#e09900&#8243; button_border_width=&#8221;0px&#8221; button_border_radius=&#8221;11px&#8221; button_font=&#8221;|800|||||||&#8221; button_icon=&#8221;%%71%%&#8221; button_icon_placement=&#8221;left&#8221; button_on_hover=&#8221;off&#8221;]<\/p>\n<p>&nbsp;<\/p>\n<p>[\/et_pb_button][\/et_pb_column][\/et_pb_row][\/et_pb_section][et_pb_section bb_built=&#8221;1&#8243; background_color=&#8221;#0059ad&#8221; _builder_version=&#8221;3.0.92&#8243; border_width_bottom=&#8221;18px&#8221; border_color_bottom=&#8221;#72d0f3&#8243; custom_padding=&#8221;26px|0px|29px|0px&#8221;][et_pb_row _builder_version=&#8221;3.0.92&#8243; global_module=&#8221;180&#8243;][et_pb_column type=&#8221;4_4&#8243;][et_pb_text global_parent=&#8221;180&#8243; background_layout=&#8221;dark&#8221; _builder_version=&#8221;3.0.92&#8243; text_font=&#8221;|800|||||||&#8221; text_font_size=&#8221;40px&#8221; text_orientation=&#8221;center&#8221;]<\/p>\n<p style=\"text-align: center;\">Ligue agora:<\/p>\n<p>[\/et_pb_text][et_pb_text global_parent=&#8221;180&#8243; background_layout=&#8221;dark&#8221; _builder_version=&#8221;3.0.92&#8243; text_font=&#8221;||||||||&#8221; text_font_size=&#8221;31px&#8221; text_orientation=&#8221;center&#8221; text_font_size_last_edited=&#8221;on|desktop&#8221; text_font_size_phone=&#8221;19px&#8221;]<\/p>\n<p><strong>14. 3841-4000 | 3841-1881 | 99105-0439<\/strong> (Whatsapp)<\/p>\n<p>[\/et_pb_text][et_pb_divider global_parent=&#8221;180&#8243; height=&#8221;8px&#8221; _builder_version=&#8221;3.0.92&#8243;]<\/p>\n<p>&nbsp;<\/p>\n<p>[\/et_pb_divider][et_pb_button global_parent=&#8221;180&#8243; button_url=&#8221;http:\/\/whats.link\/labsaomanuel&#8221; url_new_window=&#8221;on&#8221; button_text=&#8221;CHAMAR NO WHATSAPP&#8221; button_alignment=&#8221;center&#8221; background_layout=&#8221;dark&#8221; _builder_version=&#8221;3.0.92&#8243; custom_button=&#8221;on&#8221; button_text_size=&#8221;20px&#8221; button_text_color=&#8221;#ffffff&#8221; button_bg_color=&#8221;#40ba1b&#8221; button_border_radius=&#8221;16px&#8221; button_font=&#8221;|800|||||||&#8221; button_icon=&#8221;%%264%%&#8221; button_icon_color=&#8221;#ffffff&#8221; button_icon_placement=&#8221;left&#8221; button_on_hover=&#8221;off&#8221; button_border_radius_hover=&#8221;4px&#8221;]<\/p>\n<p>&nbsp;<\/p>\n<p>[\/et_pb_button][\/et_pb_column][\/et_pb_row][\/et_pb_section][et_pb_section bb_built=&#8221;1&#8243; _builder_version=&#8221;3.0.92&#8243; background_image=&#8221;https:\/\/laboratoriosaomanuel.com.br\/site\/wp-content\/uploads\/2019\/03\/site_slide_bg4.jpg&#8221; parallax=&#8221;on&#8221; custom_padding=&#8221;188px|0px|141px|0px&#8221;][et_pb_row _builder_version=&#8221;3.0.92&#8243;][et_pb_column type=&#8221;4_4&#8243;][\/et_pb_column][\/et_pb_row][\/et_pb_section]<\/p>\n","protected":false},"excerpt":{"rendered":"<p>&nbsp; &nbsp; Consulte os hor\u00e1rios de atendimento &nbsp; &nbsp; Unidade Centro: AV. IRM\u00c3S CINTRA, 579 &#8211; CENTRO \u2013 S\u00c3O MANUEL \u2013 SP O estabelecimento \u00e9 situado em uma \u00e1rea comercial com excelente localiza\u00e7\u00e3o e totalmente adaptado as prioridades da Lei da Acessibilidade para pessoas portadoras de defici\u00eancia ou com mobilidade reduzida. Hor\u00e1rios para coleta: Segunda [&hellip;]<\/p>\n","protected":false},"author":1,"featured_media":0,"parent":0,"menu_order":0,"comment_status":"closed","ping_status":"closed","template":"","meta":{"_et_pb_use_builder":"on","_et_pb_old_content":"","_et_gb_content_width":""},"_links":{"self":[{"href":"https:\/\/laboratoriosaomanuel.com.br\/site\/wp-json\/wp\/v2\/pages\/223"}],"collection":[{"href":"https:\/\/laboratoriosaomanuel.com.br\/site\/wp-json\/wp\/v2\/pages"}],"about":[{"href":"https:\/\/laboratoriosaomanuel.com.br\/site\/wp-json\/wp\/v2\/types\/page"}],"author":[{"embeddable":true,"href":"https:\/\/laboratoriosaomanuel.com.br\/site\/wp-json\/wp\/v2\/users\/1"}],"replies":[{"embeddable":true,"href":"https:\/\/laboratoriosaomanuel.com.br\/site\/wp-json\/wp\/v2\/comments?post=223"}],"version-history":[{"count":17,"href":"https:\/\/laboratoriosaomanuel.com.br\/site\/wp-json\/wp\/v2\/pages\/223\/revisions"}],"predecessor-version":[{"id":594,"href":"https:\/\/laboratoriosaomanuel.com.br\/site\/wp-json\/wp\/v2\/pages\/223\/revisions\/594"}],"wp:attachment":[{"href":"https:\/\/laboratoriosaomanuel.com.br\/site\/wp-json\/wp\/v2\/media?parent=223"}],"curies":[{"name":"wp","href":"https:\/\/api.w.org\/{rel}","templated":true}]}}