{"id":463,"date":"2020-09-23T19:55:36","date_gmt":"2020-09-23T19:55:36","guid":{"rendered":"https:\/\/laboratoriosaomanuel.com.br\/site\/covid19-copy\/"},"modified":"2020-09-23T20:51:09","modified_gmt":"2020-09-23T20:51:09","slug":"outubrorosa","status":"publish","type":"page","link":"https:\/\/laboratoriosaomanuel.com.br\/site\/outubrorosa\/","title":{"rendered":"Pr\u00e9-Cadastro &#8211; Outubro Rosa"},"content":{"rendered":"<p>[et_pb_section fb_built=&#8221;1&#8243; fullwidth=&#8221;on&#8221; _builder_version=&#8221;3.0.92&#8243; background_image=&#8221;https:\/\/laboratoriosaomanuel.com.br\/site\/wp-content\/uploads\/2019\/03\/site_slide_bg4.jpg&#8221; custom_padding=&#8221;0px|0px|0px|0px&#8221;][et_pb_fullwidth_post_title meta=&#8221;off&#8221; featured_image=&#8221;off&#8221; _builder_version=&#8221;3.0.92&#8243; title_font=&#8221;|800|||||||&#8221; title_font_size=&#8221;48px&#8221; title_text_color=&#8221;#ffffff&#8221; text_orientation=&#8221;center&#8221; custom_margin=&#8221;|||&#8221; custom_padding=&#8221;120px||80px|&#8221;][\/et_pb_fullwidth_post_title][et_pb_fullwidth_image _builder_version=&#8221;3.0.92&#8243; background_image=&#8221;https:\/\/laboratoriosaomanuel.com.br\/site\/wp-content\/uploads\/2019\/03\/site_slide_bgrodape2.png&#8221; background_position=&#8221;top_center&#8221; custom_padding=&#8221;100px|||&#8221;][\/et_pb_fullwidth_image][\/et_pb_section][et_pb_section fb_built=&#8221;1&#8243; _builder_version=&#8221;3.0.92&#8243; custom_padding=&#8221;0px|0px|0px|0px&#8221;][et_pb_row custom_padding=&#8221;3px|0px|27px|0px&#8221; _builder_version=&#8221;3.0.92&#8243;][et_pb_column type=&#8221;4_4&#8243; _builder_version=&#8221;3.0.47&#8243; parallax=&#8221;off&#8221; parallax_method=&#8221;on&#8221;][et_pb_text _builder_version=&#8221;3.0.92&#8243; text_orientation=&#8221;center&#8221;]<\/p>\n<p>Preencha corretamente o formul\u00e1rio de pr\u00e9-cadastro.<br \/><strong>ATEN\u00c7\u00c3O<\/strong> O N\u00daMERO DO <strong>SEU TELEFONE<\/strong> \u00c9 MUITO <strong>IMPORTANTE<\/strong>, \u00c9 POR ESTE MEIO QUE IREMOS RETORNAR O SEU CONTATO.<\/p>\n<p>[\/et_pb_text][et_pb_contact_form email=&#8221;lab.sm@bol.com.br&#8221; module_id=&#8221;et_pb_contact_form_0&#8243; _builder_version=&#8221;3.0.92&#8243;][et_pb_contact_field field_id=&#8221;Name&#8221; field_title=&#8221;Nome Completo&#8221; fullwidth_field=&#8221;on&#8221; _builder_version=&#8221;3.0.92&#8243; border_radii=&#8221;on||||&#8221;][\/et_pb_contact_field][et_pb_contact_field field_id=&#8221;Endere\u00e7o&#8221; field_title=&#8221;Endere\u00e7o&#8221; _builder_version=&#8221;3.0.92&#8243;][\/et_pb_contact_field][et_pb_contact_field field_id=&#8221;Bairro&#8221; field_title=&#8221;Bairro&#8221; _builder_version=&#8221;3.0.92&#8243;][\/et_pb_contact_field][et_pb_contact_field field_id=&#8221;Cidade&#8221; field_title=&#8221;Cidade&#8221; _builder_version=&#8221;3.0.92&#8243;][\/et_pb_contact_field][et_pb_contact_field field_id=&#8221;Email&#8221; field_title=&#8221;E-mail&#8221; field_type=&#8221;email&#8221; required_mark=&#8221;off&#8221; _builder_version=&#8221;3.0.92&#8243; border_radii=&#8221;on||||&#8221;][\/et_pb_contact_field][et_pb_contact_field field_id=&#8221;Telefone&#8221; field_title=&#8221;Telefone&#8221; _builder_version=&#8221;3.0.92&#8243;][\/et_pb_contact_field][et_pb_contact_field field_id=&#8221;Data_de_Nascimento&#8221; field_title=&#8221;Data de Nascimento&#8221; _builder_version=&#8221;3.0.92&#8243;][\/et_pb_contact_field][et_pb_contact_field field_id=&#8221;Message&#8221; field_title=&#8221;Mensagem ( Opicional )&#8221; field_type=&#8221;text&#8221; fullwidth_field=&#8221;on&#8221; _builder_version=&#8221;3.0.92&#8243; border_radii=&#8221;on||||&#8221; required_mark=&#8221;off&#8221;][\/et_pb_contact_field][\/et_pb_contact_form][\/et_pb_column][\/et_pb_row][\/et_pb_section][et_pb_section fb_built=&#8221;1&#8243; _builder_version=&#8221;3.0.92&#8243; custom_padding=&#8221;50px|0px|1px|0px&#8221;][et_pb_row custom_padding=&#8221;27px|0px|35px|0px&#8221; _builder_version=&#8221;3.0.92&#8243;][et_pb_column type=&#8221;4_4&#8243; _builder_version=&#8221;3.0.47&#8243; parallax=&#8221;off&#8221; parallax_method=&#8221;on&#8221;][et_pb_text _builder_version=&#8221;3.0.92&#8243; text_font=&#8221;|800|||||||&#8221; text_font_size=&#8221;40px&#8221;]<\/p>\n<p style=\"text-align: center;\">Consulte nossas unidades:<\/p>\n<p>[\/et_pb_text][\/et_pb_column][\/et_pb_row][et_pb_row custom_padding=&#8221;27px|0px|60px|0px&#8221; _builder_version=&#8221;3.0.92&#8243;][et_pb_column type=&#8221;4_4&#8243; _builder_version=&#8221;3.0.47&#8243; parallax=&#8221;off&#8221; parallax_method=&#8221;on&#8221;][et_pb_button button_url=&#8221;https:\/\/laboratoriosaomanuel.com.br\/site\/unidades\/&#8221; button_text=&#8221;Unidades de Coleta&#8221; button_alignment=&#8221;center&#8221; background_layout=&#8221;dark&#8221; _builder_version=&#8221;3.0.92&#8243; custom_button=&#8221;on&#8221; button_bg_color=&#8221;#f25c21&#8243; button_border_width=&#8221;0px&#8221; button_border_radius=&#8221;11px&#8221; button_font=&#8221;|800|||||||&#8221; button_icon=&#8221;%%122%%&#8221; button_icon_placement=&#8221;left&#8221; button_on_hover=&#8221;off&#8221;][\/et_pb_button][\/et_pb_column][\/et_pb_row][\/et_pb_section][et_pb_section fb_built=&#8221;1&#8243; background_color=&#8221;#0059ad&#8221; _builder_version=&#8221;3.0.92&#8243; border_width_bottom=&#8221;18px&#8221; border_color_bottom=&#8221;#72d0f3&#8243; custom_padding=&#8221;26px|0px|29px|0px&#8221;][et_pb_row _builder_version=&#8221;3.0.92&#8243;][et_pb_column type=&#8221;4_4&#8243; _builder_version=&#8221;3.0.47&#8243; parallax=&#8221;off&#8221; parallax_method=&#8221;on&#8221;][et_pb_text background_layout=&#8221;dark&#8221; _builder_version=&#8221;3.0.92&#8243; text_font=&#8221;|800|||||||&#8221; text_font_size=&#8221;40px&#8221; text_orientation=&#8221;center&#8221;]<\/p>\n<p style=\"text-align: center;\">Ligue agora:<\/p>\n<p>[\/et_pb_text][et_pb_text background_layout=&#8221;dark&#8221; _builder_version=&#8221;3.0.92&#8243; text_font=&#8221;||||||||&#8221; text_font_size=&#8221;31px&#8221; text_font_size_phone=&#8221;19px&#8221; text_font_size_last_edited=&#8221;on|desktop&#8221; text_orientation=&#8221;center&#8221;]<\/p>\n<p><strong>14. 3841-4000 | 3841-1881 | 99105-0439<\/strong> (Whatsapp)<\/p>\n<p>[\/et_pb_text][et_pb_divider height=&#8221;8px&#8221; _builder_version=&#8221;3.0.92&#8243;][\/et_pb_divider][et_pb_button button_url=&#8221;http:\/\/whats.link\/labsaomanuel&#8221; url_new_window=&#8221;on&#8221; button_text=&#8221;CHAMAR NO WHATSAPP&#8221; button_alignment=&#8221;center&#8221; background_layout=&#8221;dark&#8221; _builder_version=&#8221;3.0.92&#8243; custom_button=&#8221;on&#8221; button_text_size=&#8221;20px&#8221; button_text_color=&#8221;#ffffff&#8221; button_bg_color=&#8221;#40ba1b&#8221; button_border_radius=&#8221;16px&#8221; button_font=&#8221;|800|||||||&#8221; button_icon=&#8221;%%264%%&#8221; button_icon_color=&#8221;#ffffff&#8221; button_icon_placement=&#8221;left&#8221; button_on_hover=&#8221;off&#8221; button_border_radius_hover=&#8221;4px&#8221;][\/et_pb_button][\/et_pb_column][\/et_pb_row][\/et_pb_section][et_pb_section fb_built=&#8221;1&#8243; _builder_version=&#8221;3.0.92&#8243; background_image=&#8221;https:\/\/laboratoriosaomanuel.com.br\/site\/wp-content\/uploads\/2019\/03\/site_slide_bg4.jpg&#8221; parallax=&#8221;on&#8221; custom_padding=&#8221;188px|0px|141px|0px&#8221;][et_pb_row _builder_version=&#8221;3.0.92&#8243;][et_pb_column type=&#8221;4_4&#8243; _builder_version=&#8221;3.0.47&#8243; parallax=&#8221;off&#8221; parallax_method=&#8221;on&#8221;][\/et_pb_column][\/et_pb_row][\/et_pb_section]<\/p>\n","protected":false},"excerpt":{"rendered":"<p>Preencha corretamente o formul\u00e1rio de pr\u00e9-cadastro.ATEN\u00c7\u00c3O O N\u00daMERO DO SEU TELEFONE \u00c9 MUITO IMPORTANTE, \u00c9 POR ESTE MEIO QUE IREMOS RETORNAR O SEU CONTATO.Consulte nossas unidades:Ligue agora:14. 3841-4000 | 3841-1881 | 99105-0439 (Whatsapp)<\/p>\n","protected":false},"author":1,"featured_media":0,"parent":0,"menu_order":0,"comment_status":"closed","ping_status":"closed","template":"","meta":{"_et_pb_use_builder":"on","_et_pb_old_content":"","_et_gb_content_width":""},"_links":{"self":[{"href":"https:\/\/laboratoriosaomanuel.com.br\/site\/wp-json\/wp\/v2\/pages\/463"}],"collection":[{"href":"https:\/\/laboratoriosaomanuel.com.br\/site\/wp-json\/wp\/v2\/pages"}],"about":[{"href":"https:\/\/laboratoriosaomanuel.com.br\/site\/wp-json\/wp\/v2\/types\/page"}],"author":[{"embeddable":true,"href":"https:\/\/laboratoriosaomanuel.com.br\/site\/wp-json\/wp\/v2\/users\/1"}],"replies":[{"embeddable":true,"href":"https:\/\/laboratoriosaomanuel.com.br\/site\/wp-json\/wp\/v2\/comments?post=463"}],"version-history":[{"count":4,"href":"https:\/\/laboratoriosaomanuel.com.br\/site\/wp-json\/wp\/v2\/pages\/463\/revisions"}],"predecessor-version":[{"id":565,"href":"https:\/\/laboratoriosaomanuel.com.br\/site\/wp-json\/wp\/v2\/pages\/463\/revisions\/565"}],"wp:attachment":[{"href":"https:\/\/laboratoriosaomanuel.com.br\/site\/wp-json\/wp\/v2\/media?parent=463"}],"curies":[{"name":"wp","href":"https:\/\/api.w.org\/{rel}","templated":true}]}}